{"id":12,"date":"2022-12-01T08:33:48","date_gmt":"2022-12-01T01:33:48","guid":{"rendered":"http:\/\/localhost\/phaplybds.com.vn\/?page_id=12"},"modified":"2026-03-20T09:01:31","modified_gmt":"2026-03-20T02:01:31","slug":"lien-he","status":"publish","type":"page","link":"https:\/\/mayphuncat.com\/may-phun-cat-coi-phun-cat\/lien-he\/","title":{"rendered":"Li\u00ean h\u1ec7"},"content":{"rendered":"<h1><strong>C\u00d4NG TY TNHH S\u1ea2N XU\u1ea4T C\u01a0 KH\u00cd HO\u00c0NG NH\u00c2N<\/strong><\/h1>\n<p><strong>Tr\u1ee5 s\u1edf ch\u00ednh: S\u1ed1 34N \u0111\u01b0\u1eddng HT05, Khu ph\u1ed1 3, Ph\u01b0\u1eddng Hi\u1ec7p Th\u00e0nh, Qu\u1eadn 12, Th\u00e0nh ph\u1ed1 H\u1ed3 Ch\u00ed Minh<\/strong><br \/>\n<strong>MST:<\/strong> <strong>0315500415<\/strong><br \/>\n<strong>Hotline\/Zalo:<\/strong> <span style=\"color: #ff0000;\"><strong>0974528527<br \/>\n<\/strong><\/span><strong>Email:<\/strong>\u00a0<strong>hoangnhancokhi@gmail.com<\/strong><\/p>\n<p><iframe src=\"https:\/\/www.google.com\/maps\/embed?pb=!1m18!1m12!1m3!1d3918.1027040449644!2d106.6370302!3d10.879792599999998!2m3!1f0!2f0!3f0!3m2!1i1024!2i768!4f13.1!3m3!1m2!1s0x31752b6809cfbbe3%3A0x2dc8b62ef3e8526!2zTcOheSBwaHVuIGPDoXQgSG_DoG5nIE5ow6Ju!5e0!3m2!1svi!2s!4v1740616493299!5m2!1svi!2s\" width=\"100%\" height=\"500\" style=\"border:0;\" allowfullscreen=\"\" loading=\"lazy\" referrerpolicy=\"no-referrer-when-downgrade\"><\/iframe><\/p>\n","protected":false},"excerpt":{"rendered":"<p>C\u00d4NG TY TNHH S\u1ea2N XU\u1ea4T C\u01a0 KH\u00cd HO\u00c0NG NH\u00c2N Tr\u1ee5 s\u1edf ch\u00ednh: S\u1ed1 34N \u0111\u01b0\u1eddng HT05, Khu ph\u1ed1 3, Ph\u01b0\u1eddng Hi\u1ec7p Th\u00e0nh, Qu\u1eadn 12, Th\u00e0nh ph\u1ed1 H\u1ed3 Ch\u00ed Minh MST: 0315500415 Hotline\/Zalo: 0974528527 Email:\u00a0hoangnhancokhi@gmail.com<\/p>\n","protected":false},"author":1,"featured_media":0,"parent":0,"menu_order":7,"comment_status":"closed","ping_status":"closed","template":"","meta":{"_acf_changed":false,"footnotes":""},"class_list":["post-12","page","type-page","status-publish","hentry"],"acf":[],"yoast_head":"<!-- This site is optimized with the Yoast SEO plugin v27.2 - https:\/\/yoast.com\/product\/yoast-seo-wordpress\/ -->\n<title>Li\u00ean h\u1ec7 - M\u00e1y Phun C\u00e1t - C\u1ed1i Phun C\u00e1t<\/title>\n<meta name=\"robots\" content=\"index, follow, max-snippet:-1, max-image-preview:large, max-video-preview:-1\" \/>\n<link rel=\"canonical\" href=\"https:\/\/mayphuncat.com\/may-phun-cat-coi-phun-cat\/lien-he\/\" \/>\n<meta property=\"og:locale\" content=\"vi_VN\" \/>\n<meta property=\"og:type\" content=\"article\" \/>\n<meta property=\"og:title\" content=\"Li\u00ean h\u1ec7 - M\u00e1y Phun C\u00e1t - C\u1ed1i Phun C\u00e1t\" \/>\n<meta property=\"og:description\" content=\"C\u00d4NG TY TNHH S\u1ea2N XU\u1ea4T C\u01a0 KH\u00cd HO\u00c0NG NH\u00c2N Tr\u1ee5 s\u1edf ch\u00ednh: S\u1ed1 34N \u0111\u01b0\u1eddng HT05, Khu ph\u1ed1 3, Ph\u01b0\u1eddng Hi\u1ec7p Th\u00e0nh, Qu\u1eadn 12, Th\u00e0nh ph\u1ed1 H\u1ed3 Ch\u00ed Minh MST: 0315500415 Hotline\/Zalo: 0974528527 Email:\u00a0hoangnhancokhi@gmail.com\" \/>\n<meta property=\"og:url\" content=\"https:\/\/mayphuncat.com\/may-phun-cat-coi-phun-cat\/lien-he\/\" \/>\n<meta property=\"og:site_name\" content=\"M\u00e1y Phun C\u00e1t - C\u1ed1i Phun C\u00e1t\" \/>\n<meta property=\"article:modified_time\" content=\"2026-03-20T02:01:31+00:00\" \/>\n<meta name=\"twitter:card\" content=\"summary_large_image\" \/>\n<meta name=\"twitter:label1\" content=\"\u01af\u1edbc t\u00ednh th\u1eddi gian \u0111\u1ecdc\" \/>\n\t<meta name=\"twitter:data1\" content=\"1 ph\u00fat\" \/>\n<script type=\"application\/ld+json\" class=\"yoast-schema-graph\">{\"@context\":\"https:\/\/schema.org\",\"@graph\":[{\"@type\":\"WebPage\",\"@id\":\"https:\/\/mayphuncat.com\/may-phun-cat-coi-phun-cat\/lien-he\/\",\"url\":\"https:\/\/mayphuncat.com\/may-phun-cat-coi-phun-cat\/lien-he\/\",\"name\":\"Li\u00ean h\u1ec7 - M\u00e1y Phun C\u00e1t - C\u1ed1i Phun C\u00e1t\",\"isPartOf\":{\"@id\":\"https:\/\/mayphuncat.com\/may-phun-cat-coi-phun-cat\/#website\"},\"datePublished\":\"2022-12-01T01:33:48+00:00\",\"dateModified\":\"2026-03-20T02:01:31+00:00\",\"breadcrumb\":{\"@id\":\"https:\/\/mayphuncat.com\/may-phun-cat-coi-phun-cat\/lien-he\/#breadcrumb\"},\"inLanguage\":\"vi\",\"potentialAction\":[{\"@type\":\"ReadAction\",\"target\":[\"https:\/\/mayphuncat.com\/may-phun-cat-coi-phun-cat\/lien-he\/\"]}]},{\"@type\":\"BreadcrumbList\",\"@id\":\"https:\/\/mayphuncat.com\/may-phun-cat-coi-phun-cat\/lien-he\/#breadcrumb\",\"itemListElement\":[{\"@type\":\"ListItem\",\"position\":1,\"name\":\"Trang ch\u1ee7\",\"item\":\"https:\/\/mayphuncat.com\/may-phun-cat-coi-phun-cat\/\"},{\"@type\":\"ListItem\",\"position\":2,\"name\":\"Li\u00ean h\u1ec7\"}]},{\"@type\":\"WebSite\",\"@id\":\"https:\/\/mayphuncat.com\/may-phun-cat-coi-phun-cat\/#website\",\"url\":\"https:\/\/mayphuncat.com\/may-phun-cat-coi-phun-cat\/\",\"name\":\"M\u00e1y Phun C\u00e1t - C\u1ed1i Phun C\u00e1t\",\"description\":\"\",\"publisher\":{\"@id\":\"https:\/\/mayphuncat.com\/may-phun-cat-coi-phun-cat\/#organization\"},\"potentialAction\":[{\"@type\":\"SearchAction\",\"target\":{\"@type\":\"EntryPoint\",\"urlTemplate\":\"https:\/\/mayphuncat.com\/may-phun-cat-coi-phun-cat\/?s={search_term_string}\"},\"query-input\":{\"@type\":\"PropertyValueSpecification\",\"valueRequired\":true,\"valueName\":\"search_term_string\"}}],\"inLanguage\":\"vi\"},{\"@type\":\"Organization\",\"@id\":\"https:\/\/mayphuncat.com\/may-phun-cat-coi-phun-cat\/#organization\",\"name\":\"M\u00c1Y PHUN C\u00c1T - C\u1ed0I PHUN C\u00c1T HO\u00c0NG NH\u00c2N\",\"url\":\"https:\/\/mayphuncat.com\/may-phun-cat-coi-phun-cat\/\",\"logo\":{\"@type\":\"ImageObject\",\"inLanguage\":\"vi\",\"@id\":\"https:\/\/mayphuncat.com\/may-phun-cat-coi-phun-cat\/#\/schema\/logo\/image\/\",\"url\":\"https:\/\/mayphuncat.com\/may-phun-cat-coi-phun-cat\/wp-content\/uploads\/2022\/12\/logo.png\",\"contentUrl\":\"https:\/\/mayphuncat.com\/may-phun-cat-coi-phun-cat\/wp-content\/uploads\/2022\/12\/logo.png\",\"width\":150,\"height\":150,\"caption\":\"M\u00c1Y PHUN C\u00c1T - C\u1ed0I PHUN C\u00c1T HO\u00c0NG NH\u00c2N\"},\"image\":{\"@id\":\"https:\/\/mayphuncat.com\/may-phun-cat-coi-phun-cat\/#\/schema\/logo\/image\/\"}}]}<\/script>\n<!-- \/ Yoast SEO plugin. -->","yoast_head_json":{"title":"Li\u00ean h\u1ec7 - M\u00e1y Phun C\u00e1t - C\u1ed1i Phun C\u00e1t","robots":{"index":"index","follow":"follow","max-snippet":"max-snippet:-1","max-image-preview":"max-image-preview:large","max-video-preview":"max-video-preview:-1"},"canonical":"https:\/\/mayphuncat.com\/may-phun-cat-coi-phun-cat\/lien-he\/","og_locale":"vi_VN","og_type":"article","og_title":"Li\u00ean h\u1ec7 - M\u00e1y Phun C\u00e1t - C\u1ed1i Phun C\u00e1t","og_description":"C\u00d4NG TY TNHH S\u1ea2N XU\u1ea4T C\u01a0 KH\u00cd HO\u00c0NG NH\u00c2N Tr\u1ee5 s\u1edf ch\u00ednh: S\u1ed1 34N \u0111\u01b0\u1eddng HT05, Khu ph\u1ed1 3, Ph\u01b0\u1eddng Hi\u1ec7p Th\u00e0nh, Qu\u1eadn 12, Th\u00e0nh ph\u1ed1 H\u1ed3 Ch\u00ed Minh MST: 0315500415 Hotline\/Zalo: 0974528527 Email:\u00a0hoangnhancokhi@gmail.com","og_url":"https:\/\/mayphuncat.com\/may-phun-cat-coi-phun-cat\/lien-he\/","og_site_name":"M\u00e1y Phun C\u00e1t - C\u1ed1i Phun C\u00e1t","article_modified_time":"2026-03-20T02:01:31+00:00","twitter_card":"summary_large_image","twitter_misc":{"\u01af\u1edbc t\u00ednh th\u1eddi gian \u0111\u1ecdc":"1 ph\u00fat"},"schema":{"@context":"https:\/\/schema.org","@graph":[{"@type":"WebPage","@id":"https:\/\/mayphuncat.com\/may-phun-cat-coi-phun-cat\/lien-he\/","url":"https:\/\/mayphuncat.com\/may-phun-cat-coi-phun-cat\/lien-he\/","name":"Li\u00ean h\u1ec7 - M\u00e1y Phun C\u00e1t - C\u1ed1i Phun C\u00e1t","isPartOf":{"@id":"https:\/\/mayphuncat.com\/may-phun-cat-coi-phun-cat\/#website"},"datePublished":"2022-12-01T01:33:48+00:00","dateModified":"2026-03-20T02:01:31+00:00","breadcrumb":{"@id":"https:\/\/mayphuncat.com\/may-phun-cat-coi-phun-cat\/lien-he\/#breadcrumb"},"inLanguage":"vi","potentialAction":[{"@type":"ReadAction","target":["https:\/\/mayphuncat.com\/may-phun-cat-coi-phun-cat\/lien-he\/"]}]},{"@type":"BreadcrumbList","@id":"https:\/\/mayphuncat.com\/may-phun-cat-coi-phun-cat\/lien-he\/#breadcrumb","itemListElement":[{"@type":"ListItem","position":1,"name":"Trang ch\u1ee7","item":"https:\/\/mayphuncat.com\/may-phun-cat-coi-phun-cat\/"},{"@type":"ListItem","position":2,"name":"Li\u00ean h\u1ec7"}]},{"@type":"WebSite","@id":"https:\/\/mayphuncat.com\/may-phun-cat-coi-phun-cat\/#website","url":"https:\/\/mayphuncat.com\/may-phun-cat-coi-phun-cat\/","name":"M\u00e1y Phun C\u00e1t - C\u1ed1i Phun C\u00e1t","description":"","publisher":{"@id":"https:\/\/mayphuncat.com\/may-phun-cat-coi-phun-cat\/#organization"},"potentialAction":[{"@type":"SearchAction","target":{"@type":"EntryPoint","urlTemplate":"https:\/\/mayphuncat.com\/may-phun-cat-coi-phun-cat\/?s={search_term_string}"},"query-input":{"@type":"PropertyValueSpecification","valueRequired":true,"valueName":"search_term_string"}}],"inLanguage":"vi"},{"@type":"Organization","@id":"https:\/\/mayphuncat.com\/may-phun-cat-coi-phun-cat\/#organization","name":"M\u00c1Y PHUN C\u00c1T - C\u1ed0I PHUN C\u00c1T HO\u00c0NG NH\u00c2N","url":"https:\/\/mayphuncat.com\/may-phun-cat-coi-phun-cat\/","logo":{"@type":"ImageObject","inLanguage":"vi","@id":"https:\/\/mayphuncat.com\/may-phun-cat-coi-phun-cat\/#\/schema\/logo\/image\/","url":"https:\/\/mayphuncat.com\/may-phun-cat-coi-phun-cat\/wp-content\/uploads\/2022\/12\/logo.png","contentUrl":"https:\/\/mayphuncat.com\/may-phun-cat-coi-phun-cat\/wp-content\/uploads\/2022\/12\/logo.png","width":150,"height":150,"caption":"M\u00c1Y PHUN C\u00c1T - C\u1ed0I PHUN C\u00c1T HO\u00c0NG NH\u00c2N"},"image":{"@id":"https:\/\/mayphuncat.com\/may-phun-cat-coi-phun-cat\/#\/schema\/logo\/image\/"}}]}},"_links":{"self":[{"href":"https:\/\/mayphuncat.com\/may-phun-cat-coi-phun-cat\/wp-json\/wp\/v2\/pages\/12","targetHints":{"allow":["GET"]}}],"collection":[{"href":"https:\/\/mayphuncat.com\/may-phun-cat-coi-phun-cat\/wp-json\/wp\/v2\/pages"}],"about":[{"href":"https:\/\/mayphuncat.com\/may-phun-cat-coi-phun-cat\/wp-json\/wp\/v2\/types\/page"}],"author":[{"embeddable":true,"href":"https:\/\/mayphuncat.com\/may-phun-cat-coi-phun-cat\/wp-json\/wp\/v2\/users\/1"}],"replies":[{"embeddable":true,"href":"https:\/\/mayphuncat.com\/may-phun-cat-coi-phun-cat\/wp-json\/wp\/v2\/comments?post=12"}],"version-history":[{"count":12,"href":"https:\/\/mayphuncat.com\/may-phun-cat-coi-phun-cat\/wp-json\/wp\/v2\/pages\/12\/revisions"}],"predecessor-version":[{"id":498,"href":"https:\/\/mayphuncat.com\/may-phun-cat-coi-phun-cat\/wp-json\/wp\/v2\/pages\/12\/revisions\/498"}],"wp:attachment":[{"href":"https:\/\/mayphuncat.com\/may-phun-cat-coi-phun-cat\/wp-json\/wp\/v2\/media?parent=12"}],"curies":[{"name":"wp","href":"https:\/\/api.w.org\/{rel}","templated":true}]}}