{"id":14,"date":"2022-12-01T08:34:12","date_gmt":"2022-12-01T01:34:12","guid":{"rendered":"http:\/\/localhost\/phaplybds.com.vn\/?page_id=14"},"modified":"2026-03-20T09:16:11","modified_gmt":"2026-03-20T02:16:11","slug":"gioi-thieu","status":"publish","type":"page","link":"https:\/\/mayphuncat.com\/may-phun-cat-coi-phun-cat\/gioi-thieu\/","title":{"rendered":"Gi\u1edbi thi\u1ec7u"},"content":{"rendered":"<p style=\"text-align: center;\"><span style=\"color: #0000ff; font-size: 28px;\"><strong>C\u00d4NG TY M\u00c1Y PHUN C\u00c1T HO\u00c0NG NH\u00c2N<\/strong><\/span><\/p>\n<div id=\"attachment_507\" style=\"width: 1286px\" class=\"wp-caption aligncenter\"><img loading=\"lazy\" decoding=\"async\" aria-describedby=\"caption-attachment-507\" class=\"wp-image-507 size-full\" src=\"https:\/\/mayphuncat.com\/may-phun-cat-coi-phun-cat\/wp-content\/uploads\/2026\/03\/may-phun-cat-hoang-nhan-e1773972834896.jpg\" alt=\"M\u00e1y phun c\u00e1t Ho\u00e0ng Nh\u00e2n\" width=\"1276\" height=\"753\" \/><p id=\"caption-attachment-507\" class=\"wp-caption-text\">M\u00e1y phun c\u00e1t Ho\u00e0ng Nh\u00e2n<\/p><\/div>\n<p style=\"text-align: justify;\">M\u00e1y phun c\u00e1t l\u00e0 gi\u1ea3i ph\u00e1p t\u1ed1i \u01b0u \u0111\u1ec3 l\u00e0m s\u1ea1ch r\u1ec9 s\u00e9t, s\u01a1n c\u0169 v\u00e0 x\u1eed l\u00fd b\u1ec1 m\u1eb7t kim lo\u1ea1i nhanh ch\u00f3ng. Thi\u1ebft b\u1ecb ho\u1ea1t \u0111\u1ed9ng m\u1ea1nh m\u1ebd, ti\u1ebft ki\u1ec7m chi ph\u00ed nh\u00e2n c\u00f4ng, ph\u00f9 h\u1ee3p cho x\u01b0\u1edfng c\u01a1 kh\u00ed, x\u00e2y d\u1ef1ng v\u00e0 s\u1ea3n xu\u1ea5t c\u00f4ng nghi\u1ec7p. Cam k\u1ebft s\u1ea3n ph\u1ea9m ch\u00ednh h\u00e3ng, \u0111\u1ed9 b\u1ec1n cao, h\u1ed7 tr\u1ee3 k\u1ef9 thu\u1eadt t\u1eadn n\u01a1i.<\/p>\n<p style=\"text-align: justify;\"><em>C\u01a1 kh\u00ed Ho\u00e0ng Nh\u00e2n c\u00f4ng ty s\u1ea3n xu\u1ea5t m\u00e1y phun c\u00e1t: Gi\u00e1 T\u1ed1t, Ch\u00ednh H\u00e3ng, Uy T\u00edn M\u00e1y, T\u01b0 V\u1ea5n Mi\u1ec5n Ph\u00ed, B\u1ea3o H\u00e0nh D\u00e0i H\u1ea1n<\/em><\/p>\n<div id=\"attachment_452\" style=\"width: 1410px\" class=\"wp-caption aligncenter\"><img loading=\"lazy\" decoding=\"async\" aria-describedby=\"caption-attachment-452\" class=\"size-full wp-image-452\" src=\"https:\/\/mayphuncat.com\/may-phun-cat-coi-phun-cat\/wp-content\/uploads\/2024\/04\/may-phun-cat-coi-phun-cat.jpg\" alt=\"M\u00c1Y PHUN C\u00c1T - C\u1ed0I PHUN C\u00c1T\" width=\"1400\" height=\"500\" \/><p id=\"caption-attachment-452\" class=\"wp-caption-text\">M\u00c1Y PHUN C\u00c1T &#8211; C\u1ed0I PHUN C\u00c1T<\/p><\/div>\n<p><strong>C\u00d4NG TY TNHH S\u1ea2N XU\u1ea4T TH\u01af\u01a0NG M\u1ea0I D\u1ecaCH V\u1ee4 C\u01a0 KH\u00cd HO\u00c0NG NH\u00c2N<br \/>\nTr\u1ee5 s\u1edf ch\u00ednh: S\u1ed1 34N \u0111\u01b0\u1eddng HT05, Khu ph\u1ed1 3, Ph\u01b0\u1eddng Hi\u1ec7p Th\u00e0nh, Qu\u1eadn 12, Th\u00e0nh ph\u1ed1 H\u1ed3 Ch\u00ed Minh, Vi\u1ec7t Nam<\/strong><br \/>\n<strong>MST:<\/strong> <strong>0315500415<\/strong><br \/>\n<strong>Hotline\/Zalo:<\/strong> <span style=\"color: #ff0000;\"><strong>0974528527<br \/>\n<\/strong><\/span><strong>Email:<\/strong>\u00a0<span style=\"color: #ff6600;\"><strong>hoangnhancokhi@gmai<\/strong><\/span><\/p>\n","protected":false},"excerpt":{"rendered":"<p>C\u00d4NG TY M\u00c1Y PHUN C\u00c1T HO\u00c0NG NH\u00c2N M\u00e1y phun c\u00e1t l\u00e0 gi\u1ea3i ph\u00e1p t\u1ed1i \u01b0u \u0111\u1ec3 l\u00e0m s\u1ea1ch r\u1ec9 s\u00e9t, s\u01a1n c\u0169 v\u00e0 x\u1eed l\u00fd b\u1ec1 m\u1eb7t kim lo\u1ea1i nhanh ch\u00f3ng. Thi\u1ebft b\u1ecb ho\u1ea1t \u0111\u1ed9ng m\u1ea1nh m\u1ebd, ti\u1ebft ki\u1ec7m chi ph\u00ed nh\u00e2n c\u00f4ng, ph\u00f9 h\u1ee3p cho x\u01b0\u1edfng c\u01a1 kh\u00ed, x\u00e2y d\u1ef1ng v\u00e0 s\u1ea3n xu\u1ea5t c\u00f4ng [&hellip;]<\/p>\n","protected":false},"author":1,"featured_media":452,"parent":0,"menu_order":2,"comment_status":"closed","ping_status":"closed","template":"","meta":{"_acf_changed":false,"footnotes":""},"class_list":["post-14","page","type-page","status-publish","has-post-thumbnail","hentry"],"acf":[],"yoast_head":"<!-- This site is optimized with the Yoast SEO plugin v27.2 - https:\/\/yoast.com\/product\/yoast-seo-wordpress\/ -->\n<title>C\u00d4NG TY M\u00c1Y PHUN C\u00c1T HO\u00c0NG NH\u00c2N<\/title>\n<meta name=\"robots\" content=\"index, follow, max-snippet:-1, max-image-preview:large, max-video-preview:-1\" \/>\n<link rel=\"canonical\" href=\"https:\/\/mayphuncat.com\/may-phun-cat-coi-phun-cat\/gioi-thieu\/\" \/>\n<meta property=\"og:locale\" content=\"vi_VN\" \/>\n<meta property=\"og:type\" content=\"article\" \/>\n<meta property=\"og:title\" content=\"C\u00d4NG TY M\u00c1Y PHUN C\u00c1T HO\u00c0NG NH\u00c2N\" \/>\n<meta property=\"og:description\" content=\"C\u00d4NG TY M\u00c1Y PHUN C\u00c1T HO\u00c0NG NH\u00c2N M\u00e1y phun c\u00e1t l\u00e0 gi\u1ea3i ph\u00e1p t\u1ed1i \u01b0u \u0111\u1ec3 l\u00e0m s\u1ea1ch r\u1ec9 s\u00e9t, s\u01a1n c\u0169 v\u00e0 x\u1eed l\u00fd b\u1ec1 m\u1eb7t kim lo\u1ea1i nhanh ch\u00f3ng. Thi\u1ebft b\u1ecb ho\u1ea1t \u0111\u1ed9ng m\u1ea1nh m\u1ebd, ti\u1ebft ki\u1ec7m chi ph\u00ed nh\u00e2n c\u00f4ng, ph\u00f9 h\u1ee3p cho x\u01b0\u1edfng c\u01a1 kh\u00ed, x\u00e2y d\u1ef1ng v\u00e0 s\u1ea3n xu\u1ea5t c\u00f4ng [&hellip;]\" \/>\n<meta property=\"og:url\" content=\"https:\/\/mayphuncat.com\/may-phun-cat-coi-phun-cat\/gioi-thieu\/\" \/>\n<meta property=\"og:site_name\" content=\"M\u00e1y Phun C\u00e1t - C\u1ed1i Phun C\u00e1t\" \/>\n<meta property=\"article:modified_time\" content=\"2026-03-20T02:16:11+00:00\" \/>\n<meta property=\"og:image\" content=\"https:\/\/mayphuncat.com\/may-phun-cat-coi-phun-cat\/wp-content\/uploads\/2024\/04\/may-phun-cat-coi-phun-cat.jpg\" \/>\n\t<meta property=\"og:image:width\" content=\"1400\" \/>\n\t<meta property=\"og:image:height\" content=\"500\" \/>\n\t<meta property=\"og:image:type\" content=\"image\/jpeg\" \/>\n<meta name=\"twitter:card\" content=\"summary_large_image\" \/>\n<meta name=\"twitter:label1\" content=\"\u01af\u1edbc t\u00ednh th\u1eddi gian \u0111\u1ecdc\" \/>\n\t<meta name=\"twitter:data1\" content=\"2 ph\u00fat\" \/>\n<script type=\"application\/ld+json\" class=\"yoast-schema-graph\">{\"@context\":\"https:\/\/schema.org\",\"@graph\":[{\"@type\":\"WebPage\",\"@id\":\"https:\/\/mayphuncat.com\/may-phun-cat-coi-phun-cat\/gioi-thieu\/\",\"url\":\"https:\/\/mayphuncat.com\/may-phun-cat-coi-phun-cat\/gioi-thieu\/\",\"name\":\"C\u00d4NG TY M\u00c1Y PHUN C\u00c1T HO\u00c0NG NH\u00c2N\",\"isPartOf\":{\"@id\":\"https:\/\/mayphuncat.com\/may-phun-cat-coi-phun-cat\/#website\"},\"primaryImageOfPage\":{\"@id\":\"https:\/\/mayphuncat.com\/may-phun-cat-coi-phun-cat\/gioi-thieu\/#primaryimage\"},\"image\":{\"@id\":\"https:\/\/mayphuncat.com\/may-phun-cat-coi-phun-cat\/gioi-thieu\/#primaryimage\"},\"thumbnailUrl\":\"https:\/\/mayphuncat.com\/may-phun-cat-coi-phun-cat\/wp-content\/uploads\/2024\/04\/may-phun-cat-coi-phun-cat.jpg\",\"datePublished\":\"2022-12-01T01:34:12+00:00\",\"dateModified\":\"2026-03-20T02:16:11+00:00\",\"breadcrumb\":{\"@id\":\"https:\/\/mayphuncat.com\/may-phun-cat-coi-phun-cat\/gioi-thieu\/#breadcrumb\"},\"inLanguage\":\"vi\",\"potentialAction\":[{\"@type\":\"ReadAction\",\"target\":[\"https:\/\/mayphuncat.com\/may-phun-cat-coi-phun-cat\/gioi-thieu\/\"]}]},{\"@type\":\"ImageObject\",\"inLanguage\":\"vi\",\"@id\":\"https:\/\/mayphuncat.com\/may-phun-cat-coi-phun-cat\/gioi-thieu\/#primaryimage\",\"url\":\"https:\/\/mayphuncat.com\/may-phun-cat-coi-phun-cat\/wp-content\/uploads\/2024\/04\/may-phun-cat-coi-phun-cat.jpg\",\"contentUrl\":\"https:\/\/mayphuncat.com\/may-phun-cat-coi-phun-cat\/wp-content\/uploads\/2024\/04\/may-phun-cat-coi-phun-cat.jpg\",\"width\":1400,\"height\":500,\"caption\":\"M\u00c1Y PHUN C\u00c1T - C\u1ed0I PHUN C\u00c1T\"},{\"@type\":\"BreadcrumbList\",\"@id\":\"https:\/\/mayphuncat.com\/may-phun-cat-coi-phun-cat\/gioi-thieu\/#breadcrumb\",\"itemListElement\":[{\"@type\":\"ListItem\",\"position\":1,\"name\":\"Trang ch\u1ee7\",\"item\":\"https:\/\/mayphuncat.com\/may-phun-cat-coi-phun-cat\/\"},{\"@type\":\"ListItem\",\"position\":2,\"name\":\"Gi\u1edbi thi\u1ec7u\"}]},{\"@type\":\"WebSite\",\"@id\":\"https:\/\/mayphuncat.com\/may-phun-cat-coi-phun-cat\/#website\",\"url\":\"https:\/\/mayphuncat.com\/may-phun-cat-coi-phun-cat\/\",\"name\":\"M\u00e1y Phun C\u00e1t - C\u1ed1i Phun C\u00e1t\",\"description\":\"\",\"publisher\":{\"@id\":\"https:\/\/mayphuncat.com\/may-phun-cat-coi-phun-cat\/#organization\"},\"potentialAction\":[{\"@type\":\"SearchAction\",\"target\":{\"@type\":\"EntryPoint\",\"urlTemplate\":\"https:\/\/mayphuncat.com\/may-phun-cat-coi-phun-cat\/?s={search_term_string}\"},\"query-input\":{\"@type\":\"PropertyValueSpecification\",\"valueRequired\":true,\"valueName\":\"search_term_string\"}}],\"inLanguage\":\"vi\"},{\"@type\":\"Organization\",\"@id\":\"https:\/\/mayphuncat.com\/may-phun-cat-coi-phun-cat\/#organization\",\"name\":\"M\u00c1Y PHUN C\u00c1T - C\u1ed0I PHUN C\u00c1T HO\u00c0NG NH\u00c2N\",\"url\":\"https:\/\/mayphuncat.com\/may-phun-cat-coi-phun-cat\/\",\"logo\":{\"@type\":\"ImageObject\",\"inLanguage\":\"vi\",\"@id\":\"https:\/\/mayphuncat.com\/may-phun-cat-coi-phun-cat\/#\/schema\/logo\/image\/\",\"url\":\"https:\/\/mayphuncat.com\/may-phun-cat-coi-phun-cat\/wp-content\/uploads\/2022\/12\/logo.png\",\"contentUrl\":\"https:\/\/mayphuncat.com\/may-phun-cat-coi-phun-cat\/wp-content\/uploads\/2022\/12\/logo.png\",\"width\":150,\"height\":150,\"caption\":\"M\u00c1Y PHUN C\u00c1T - C\u1ed0I PHUN C\u00c1T HO\u00c0NG NH\u00c2N\"},\"image\":{\"@id\":\"https:\/\/mayphuncat.com\/may-phun-cat-coi-phun-cat\/#\/schema\/logo\/image\/\"}}]}<\/script>\n<!-- \/ Yoast SEO plugin. -->","yoast_head_json":{"title":"C\u00d4NG TY M\u00c1Y PHUN C\u00c1T HO\u00c0NG NH\u00c2N","robots":{"index":"index","follow":"follow","max-snippet":"max-snippet:-1","max-image-preview":"max-image-preview:large","max-video-preview":"max-video-preview:-1"},"canonical":"https:\/\/mayphuncat.com\/may-phun-cat-coi-phun-cat\/gioi-thieu\/","og_locale":"vi_VN","og_type":"article","og_title":"C\u00d4NG TY M\u00c1Y PHUN C\u00c1T HO\u00c0NG NH\u00c2N","og_description":"C\u00d4NG TY M\u00c1Y PHUN C\u00c1T HO\u00c0NG NH\u00c2N M\u00e1y phun c\u00e1t l\u00e0 gi\u1ea3i ph\u00e1p t\u1ed1i \u01b0u \u0111\u1ec3 l\u00e0m s\u1ea1ch r\u1ec9 s\u00e9t, s\u01a1n c\u0169 v\u00e0 x\u1eed l\u00fd b\u1ec1 m\u1eb7t kim lo\u1ea1i nhanh ch\u00f3ng. Thi\u1ebft b\u1ecb ho\u1ea1t \u0111\u1ed9ng m\u1ea1nh m\u1ebd, ti\u1ebft ki\u1ec7m chi ph\u00ed nh\u00e2n c\u00f4ng, ph\u00f9 h\u1ee3p cho x\u01b0\u1edfng c\u01a1 kh\u00ed, x\u00e2y d\u1ef1ng v\u00e0 s\u1ea3n xu\u1ea5t c\u00f4ng [&hellip;]","og_url":"https:\/\/mayphuncat.com\/may-phun-cat-coi-phun-cat\/gioi-thieu\/","og_site_name":"M\u00e1y Phun C\u00e1t - C\u1ed1i Phun C\u00e1t","article_modified_time":"2026-03-20T02:16:11+00:00","og_image":[{"width":1400,"height":500,"url":"https:\/\/mayphuncat.com\/may-phun-cat-coi-phun-cat\/wp-content\/uploads\/2024\/04\/may-phun-cat-coi-phun-cat.jpg","type":"image\/jpeg"}],"twitter_card":"summary_large_image","twitter_misc":{"\u01af\u1edbc t\u00ednh th\u1eddi gian \u0111\u1ecdc":"2 ph\u00fat"},"schema":{"@context":"https:\/\/schema.org","@graph":[{"@type":"WebPage","@id":"https:\/\/mayphuncat.com\/may-phun-cat-coi-phun-cat\/gioi-thieu\/","url":"https:\/\/mayphuncat.com\/may-phun-cat-coi-phun-cat\/gioi-thieu\/","name":"C\u00d4NG TY M\u00c1Y PHUN C\u00c1T HO\u00c0NG NH\u00c2N","isPartOf":{"@id":"https:\/\/mayphuncat.com\/may-phun-cat-coi-phun-cat\/#website"},"primaryImageOfPage":{"@id":"https:\/\/mayphuncat.com\/may-phun-cat-coi-phun-cat\/gioi-thieu\/#primaryimage"},"image":{"@id":"https:\/\/mayphuncat.com\/may-phun-cat-coi-phun-cat\/gioi-thieu\/#primaryimage"},"thumbnailUrl":"https:\/\/mayphuncat.com\/may-phun-cat-coi-phun-cat\/wp-content\/uploads\/2024\/04\/may-phun-cat-coi-phun-cat.jpg","datePublished":"2022-12-01T01:34:12+00:00","dateModified":"2026-03-20T02:16:11+00:00","breadcrumb":{"@id":"https:\/\/mayphuncat.com\/may-phun-cat-coi-phun-cat\/gioi-thieu\/#breadcrumb"},"inLanguage":"vi","potentialAction":[{"@type":"ReadAction","target":["https:\/\/mayphuncat.com\/may-phun-cat-coi-phun-cat\/gioi-thieu\/"]}]},{"@type":"ImageObject","inLanguage":"vi","@id":"https:\/\/mayphuncat.com\/may-phun-cat-coi-phun-cat\/gioi-thieu\/#primaryimage","url":"https:\/\/mayphuncat.com\/may-phun-cat-coi-phun-cat\/wp-content\/uploads\/2024\/04\/may-phun-cat-coi-phun-cat.jpg","contentUrl":"https:\/\/mayphuncat.com\/may-phun-cat-coi-phun-cat\/wp-content\/uploads\/2024\/04\/may-phun-cat-coi-phun-cat.jpg","width":1400,"height":500,"caption":"M\u00c1Y PHUN C\u00c1T - C\u1ed0I PHUN C\u00c1T"},{"@type":"BreadcrumbList","@id":"https:\/\/mayphuncat.com\/may-phun-cat-coi-phun-cat\/gioi-thieu\/#breadcrumb","itemListElement":[{"@type":"ListItem","position":1,"name":"Trang ch\u1ee7","item":"https:\/\/mayphuncat.com\/may-phun-cat-coi-phun-cat\/"},{"@type":"ListItem","position":2,"name":"Gi\u1edbi thi\u1ec7u"}]},{"@type":"WebSite","@id":"https:\/\/mayphuncat.com\/may-phun-cat-coi-phun-cat\/#website","url":"https:\/\/mayphuncat.com\/may-phun-cat-coi-phun-cat\/","name":"M\u00e1y Phun C\u00e1t - C\u1ed1i Phun C\u00e1t","description":"","publisher":{"@id":"https:\/\/mayphuncat.com\/may-phun-cat-coi-phun-cat\/#organization"},"potentialAction":[{"@type":"SearchAction","target":{"@type":"EntryPoint","urlTemplate":"https:\/\/mayphuncat.com\/may-phun-cat-coi-phun-cat\/?s={search_term_string}"},"query-input":{"@type":"PropertyValueSpecification","valueRequired":true,"valueName":"search_term_string"}}],"inLanguage":"vi"},{"@type":"Organization","@id":"https:\/\/mayphuncat.com\/may-phun-cat-coi-phun-cat\/#organization","name":"M\u00c1Y PHUN C\u00c1T - C\u1ed0I PHUN C\u00c1T HO\u00c0NG NH\u00c2N","url":"https:\/\/mayphuncat.com\/may-phun-cat-coi-phun-cat\/","logo":{"@type":"ImageObject","inLanguage":"vi","@id":"https:\/\/mayphuncat.com\/may-phun-cat-coi-phun-cat\/#\/schema\/logo\/image\/","url":"https:\/\/mayphuncat.com\/may-phun-cat-coi-phun-cat\/wp-content\/uploads\/2022\/12\/logo.png","contentUrl":"https:\/\/mayphuncat.com\/may-phun-cat-coi-phun-cat\/wp-content\/uploads\/2022\/12\/logo.png","width":150,"height":150,"caption":"M\u00c1Y PHUN C\u00c1T - C\u1ed0I PHUN C\u00c1T HO\u00c0NG NH\u00c2N"},"image":{"@id":"https:\/\/mayphuncat.com\/may-phun-cat-coi-phun-cat\/#\/schema\/logo\/image\/"}}]}},"_links":{"self":[{"href":"https:\/\/mayphuncat.com\/may-phun-cat-coi-phun-cat\/wp-json\/wp\/v2\/pages\/14","targetHints":{"allow":["GET"]}}],"collection":[{"href":"https:\/\/mayphuncat.com\/may-phun-cat-coi-phun-cat\/wp-json\/wp\/v2\/pages"}],"about":[{"href":"https:\/\/mayphuncat.com\/may-phun-cat-coi-phun-cat\/wp-json\/wp\/v2\/types\/page"}],"author":[{"embeddable":true,"href":"https:\/\/mayphuncat.com\/may-phun-cat-coi-phun-cat\/wp-json\/wp\/v2\/users\/1"}],"replies":[{"embeddable":true,"href":"https:\/\/mayphuncat.com\/may-phun-cat-coi-phun-cat\/wp-json\/wp\/v2\/comments?post=14"}],"version-history":[{"count":10,"href":"https:\/\/mayphuncat.com\/may-phun-cat-coi-phun-cat\/wp-json\/wp\/v2\/pages\/14\/revisions"}],"predecessor-version":[{"id":510,"href":"https:\/\/mayphuncat.com\/may-phun-cat-coi-phun-cat\/wp-json\/wp\/v2\/pages\/14\/revisions\/510"}],"wp:featuredmedia":[{"embeddable":true,"href":"https:\/\/mayphuncat.com\/may-phun-cat-coi-phun-cat\/wp-json\/wp\/v2\/media\/452"}],"wp:attachment":[{"href":"https:\/\/mayphuncat.com\/may-phun-cat-coi-phun-cat\/wp-json\/wp\/v2\/media?parent=14"}],"curies":[{"name":"wp","href":"https:\/\/api.w.org\/{rel}","templated":true}]}}