{"id":299,"date":"2024-04-27T18:45:04","date_gmt":"2024-04-27T11:45:04","guid":{"rendered":"https:\/\/clients.hwp.com.vn\/thuexequangbinh.net\/?page_id=299"},"modified":"2026-03-20T09:50:48","modified_gmt":"2026-03-20T02:50:48","slug":"bang-bao-gia-may-phun-cat-va-phu-kien","status":"publish","type":"page","link":"https:\/\/mayphuncat.com\/may-phun-cat-coi-phun-cat\/bang-bao-gia-may-phun-cat-va-phu-kien\/","title":{"rendered":"B\u1ea2NG B\u00c1O GI\u00c1: M\u00c1Y PHUN C\u00c1T V\u00c0 PH\u1ee4 KI\u1ec6N"},"content":{"rendered":"<p style=\"text-align: center;\"><span style=\"color: #ff0000;\"><strong>B\u1ea2NG B\u00c1O GI\u00c1: M\u00c1Y PHUN C\u00c1T V\u00c0 PH\u1ee4 KI\u1ec6N<br \/>\nM\u1eccI TH\u00d4NG TIN B\u00c1O GI\u00c1 CH\u00cdNH TH\u1ee8C VUI L\u00d2NG G\u1eccI HOLINE\/ZALO: <span style=\"background-color: #ffff00;\">0974528527<\/span><\/strong><\/span><\/p>\n<table style=\"width: 100%; height: 456px;\" width=\"100%\">\n<tbody>\n<tr style=\"height: 24px;\">\n<td style=\"width: 16.2718%; height: 24px;\" width=\"648\"><strong>LO\u1ea0I S\u1ea2N PH\u1ea8M<\/strong><\/td>\n<td style=\"width: 24.4555%; text-align: center; height: 24px;\" width=\"120\"><strong>Th\u00f4ng s\u1ed1<\/strong><\/td>\n<td style=\"width: 11.0303%; text-align: center; height: 24px;\" width=\"120\"><strong>Gi\u00e1 b\u00e1n<\/strong><\/td>\n<\/tr>\n<tr style=\"height: 24px;\">\n<td style=\"width: 16.2718%; height: 24px;\">C\u1ed1i phun c\u00e1t 30 l\u00edt<\/td>\n<td style=\"width: 24.4555%; height: 24px; text-align: center;\">Dung l\u00edch 30 l\u00edt,\u00a0\u00d8300\u00d7400 (mm), tr\u1ecdng l\u01b0\u1ee3ng 16kg<\/td>\n<td style=\"width: 11.0303%; height: 24px; text-align: center;\">Li\u00ean h\u1ec7<\/td>\n<\/tr>\n<tr style=\"height: 48px;\">\n<td style=\"width: 16.2718%; height: 48px;\">C\u1ed1i phun c\u00e1t 30 l\u00edt (\u0111i\u1ec1u khi\u1ec3n b\u1eb1ng kh\u00ed n\u00e9n)<\/td>\n<td style=\"width: 24.4555%; text-align: center; height: 48px;\">Dung t\u00edch 30 l\u00edt<\/td>\n<td style=\"width: 11.0303%; text-align: center; height: 48px;\">Li\u00ean h\u1ec7<\/td>\n<\/tr>\n<tr style=\"height: 24px;\">\n<td style=\"width: 16.2718%; height: 24px;\">C\u1ed1i phun c\u00e1t 50 l\u00edt<\/td>\n<td style=\"width: 24.4555%; text-align: center; height: 24px;\">Dung t\u00edch 50 l\u00edt<\/td>\n<td style=\"width: 11.0303%; text-align: center; height: 24px;\">Li\u00ean h\u1ec7<\/td>\n<\/tr>\n<tr style=\"height: 24px;\">\n<td style=\"width: 16.2718%; height: 24px;\">C\u1ed1i phun c\u00e1t 100 l\u00edt<\/td>\n<td style=\"width: 24.4555%; text-align: center; height: 24px;\">Dung t\u00edch 100 l\u00edt<\/td>\n<td style=\"width: 11.0303%; text-align: center; height: 24px;\">Li\u00ean h\u1ec7<\/td>\n<\/tr>\n<tr style=\"height: 24px;\">\n<td style=\"width: 16.2718%; height: 24px;\">C\u1ed1i phun c\u00e1t 200 l\u00edt<\/td>\n<td style=\"width: 24.4555%; text-align: center; height: 24px;\">Dung t\u00edch 200 l\u00edt<\/td>\n<td style=\"width: 11.0303%; text-align: center; height: 24px;\">Li\u00ean h\u1ec7<\/td>\n<\/tr>\n<tr style=\"height: 24px;\">\n<td style=\"width: 16.2718%; height: 24px;\">C\u1ed1i phun c\u00e1t \u0111i\u1ec1u khi\u1ec3n t\u1eeb xa<\/td>\n<td style=\"width: 24.4555%; text-align: center; height: 24px;\">\u0110i\u1ec1u khi\u1ec3n t\u1eeb xa<\/td>\n<td style=\"width: 11.0303%; text-align: center; height: 24px;\">Li\u00ean h\u1ec7<\/td>\n<\/tr>\n<tr style=\"height: 24px;\">\n<td style=\"width: 16.2718%; height: 24px;\">T\u1ee7 phun c\u00e1t t\u1ef1 \u0111\u1ed9ng ho\u00e0n to\u00e0n<\/td>\n<td style=\"width: 24.4555%; text-align: center; height: 24px;\">T\u1ef1 \u0111\u1ed9ng<\/td>\n<td style=\"width: 11.0303%; text-align: center; height: 24px;\">Li\u00ean h\u1ec7<\/td>\n<\/tr>\n<tr style=\"height: 24px;\">\n<td style=\"width: 16.2718%; height: 24px;\">T\u1ee7 phun c\u00e1t dung t\u00edch 250 l\u00edt t\u1ef1 h\u00fat<\/td>\n<td style=\"width: 24.4555%; text-align: center; height: 24px;\">T\u1ef1 h\u00fat, 250 l\u00edt<\/td>\n<td style=\"width: 11.0303%; text-align: center; height: 24px;\">Li\u00ean h\u1ec7<\/td>\n<\/tr>\n<tr style=\"height: 48px;\">\n<td style=\"width: 16.2718%; height: 48px;\">T\u1ee7 phun c\u00e1t c\u00f4ng nghi\u1ec7p dung t\u00edch 250-750 l\u00edt<\/td>\n<td style=\"width: 24.4555%; text-align: center; height: 48px;\">Dung t\u00edch 250-750 l\u00edt<\/td>\n<td style=\"width: 11.0303%; text-align: center; height: 48px;\">Li\u00ean h\u1ec7<\/td>\n<\/tr>\n<tr style=\"height: 48px;\">\n<td style=\"width: 16.2718%; height: 48px;\">T\u1ee7 phun c\u00e1t dung t\u00edch 750 l\u00edt c\u00f3 m\u00e2m xoay<\/td>\n<td style=\"width: 24.4555%; text-align: center; height: 48px;\">Dung t\u00edch 750 l\u00edt c\u00f3 m\u00e2m xoay<\/td>\n<td style=\"width: 11.0303%; text-align: center; height: 48px;\">Li\u00ean h\u1ec7<\/td>\n<\/tr>\n<tr style=\"height: 24px;\">\n<td style=\"width: 16.2718%; height: 24px;\">T\u1ee7 phun c\u00e1t dung t\u00edch 250 l\u00edt<\/td>\n<td style=\"width: 24.4555%; text-align: center; height: 24px;\">Dung t\u00edch 250 l\u00edt<\/td>\n<td style=\"width: 11.0303%; text-align: center; height: 24px;\">Li\u00ean h\u1ec7<\/td>\n<\/tr>\n<tr style=\"height: 48px;\">\n<td style=\"width: 16.2718%; height: 48px;\">B\u00e9c phun c\u00e1t<\/td>\n<td style=\"width: 24.4555%; text-align: center; height: 48px;\">C\u00e1c size: 6x45mm, 7x45mm, 8x45mm, Th\u00e2n s\u00fang b\u1eb1ng h\u1ee3p kim nh\u00f4m<\/td>\n<td style=\"width: 11.0303%; text-align: center; height: 48px;\">Li\u00ean h\u1ec7<\/td>\n<\/tr>\n<tr style=\"height: 24px;\">\n<td style=\"width: 16.2718%; height: 24px;\">D\u00e2y phun c\u00e1t 25x38mm<\/td>\n<td style=\"width: 24.4555%; text-align: center; height: 24px;\">(\u00d825\u00d738)<\/td>\n<td style=\"width: 11.0303%; text-align: center; height: 24px;\">Li\u00ean h\u1ec7<\/td>\n<\/tr>\n<tr style=\"height: 24px;\">\n<td style=\"width: 16.2718%; height: 24px;\">D\u00e2y phun c\u00e1t 32\u00d748mm<\/td>\n<td style=\"width: 24.4555%; text-align: center; height: 24px;\">(\u00d832\u00d748)<\/td>\n<td style=\"width: 11.0303%; text-align: center; height: 24px;\">Li\u00ean h\u1ec7<\/td>\n<\/tr>\n<\/tbody>\n<\/table>\n<p><em>L\u01b0u \u00fd: \u0110\u00e2y l\u00e0 b\u1ea3ng gi\u00e1 tham kh\u1ea3o, vui l\u00f2ng li\u00ean h\u1ec7 hotline \u0111\u1ec3 b\u00e1o gi\u00e1 chi ti\u1ebft: <strong>0974528527<\/strong><\/em><\/p>\n","protected":false},"excerpt":{"rendered":"<p>B\u1ea2NG B\u00c1O GI\u00c1: M\u00c1Y PHUN C\u00c1T V\u00c0 PH\u1ee4 KI\u1ec6N M\u1eccI TH\u00d4NG TIN B\u00c1O GI\u00c1 CH\u00cdNH TH\u1ee8C VUI L\u00d2NG G\u1eccI HOLINE\/ZALO: 0974528527 LO\u1ea0I S\u1ea2N PH\u1ea8M Th\u00f4ng s\u1ed1 Gi\u00e1 b\u00e1n C\u1ed1i phun c\u00e1t 30 l\u00edt Dung l\u00edch 30 l\u00edt,\u00a0\u00d8300\u00d7400 (mm), tr\u1ecdng l\u01b0\u1ee3ng 16kg Li\u00ean h\u1ec7 C\u1ed1i phun c\u00e1t 30 l\u00edt (\u0111i\u1ec1u khi\u1ec3n b\u1eb1ng kh\u00ed n\u00e9n) Dung t\u00edch [&hellip;]<\/p>\n","protected":false},"author":1,"featured_media":507,"parent":0,"menu_order":6,"comment_status":"closed","ping_status":"closed","template":"","meta":{"_acf_changed":false,"footnotes":""},"class_list":["post-299","page","type-page","status-publish","has-post-thumbnail","hentry"],"acf":[],"yoast_head":"<!-- This site is optimized with the Yoast SEO plugin v27.2 - https:\/\/yoast.com\/product\/yoast-seo-wordpress\/ -->\n<title>B\u1ea2NG B\u00c1O GI\u00c1: M\u00c1Y PHUN C\u00c1T V\u00c0 PH\u1ee4 KI\u1ec6N - M\u00e1y Phun C\u00e1t - C\u1ed1i Phun C\u00e1t<\/title>\n<meta name=\"robots\" content=\"index, follow, max-snippet:-1, max-image-preview:large, max-video-preview:-1\" \/>\n<link rel=\"canonical\" href=\"https:\/\/mayphuncat.com\/may-phun-cat-coi-phun-cat\/bang-bao-gia-may-phun-cat-va-phu-kien\/\" \/>\n<meta property=\"og:locale\" content=\"vi_VN\" \/>\n<meta property=\"og:type\" content=\"article\" \/>\n<meta property=\"og:title\" content=\"B\u1ea2NG B\u00c1O GI\u00c1: M\u00c1Y PHUN C\u00c1T V\u00c0 PH\u1ee4 KI\u1ec6N - M\u00e1y Phun C\u00e1t - C\u1ed1i Phun C\u00e1t\" \/>\n<meta property=\"og:description\" content=\"B\u1ea2NG B\u00c1O GI\u00c1: M\u00c1Y PHUN C\u00c1T V\u00c0 PH\u1ee4 KI\u1ec6N M\u1eccI TH\u00d4NG TIN B\u00c1O GI\u00c1 CH\u00cdNH TH\u1ee8C VUI L\u00d2NG G\u1eccI HOLINE\/ZALO: 0974528527 LO\u1ea0I S\u1ea2N PH\u1ea8M Th\u00f4ng s\u1ed1 Gi\u00e1 b\u00e1n C\u1ed1i phun c\u00e1t 30 l\u00edt Dung l\u00edch 30 l\u00edt,\u00a0\u00d8300\u00d7400 (mm), tr\u1ecdng l\u01b0\u1ee3ng 16kg Li\u00ean h\u1ec7 C\u1ed1i phun c\u00e1t 30 l\u00edt (\u0111i\u1ec1u khi\u1ec3n b\u1eb1ng kh\u00ed n\u00e9n) Dung t\u00edch [&hellip;]\" \/>\n<meta property=\"og:url\" content=\"https:\/\/mayphuncat.com\/may-phun-cat-coi-phun-cat\/bang-bao-gia-may-phun-cat-va-phu-kien\/\" \/>\n<meta property=\"og:site_name\" content=\"M\u00e1y Phun C\u00e1t - C\u1ed1i Phun C\u00e1t\" \/>\n<meta property=\"article:modified_time\" content=\"2026-03-20T02:50:48+00:00\" \/>\n<meta property=\"og:image\" content=\"https:\/\/mayphuncat.com\/may-phun-cat-coi-phun-cat\/wp-content\/uploads\/2026\/03\/may-phun-cat-hoang-nhan-e1773972834896.jpg\" \/>\n\t<meta property=\"og:image:width\" content=\"1276\" \/>\n\t<meta property=\"og:image:height\" content=\"753\" \/>\n\t<meta property=\"og:image:type\" content=\"image\/jpeg\" \/>\n<meta name=\"twitter:card\" content=\"summary_large_image\" \/>\n<meta name=\"twitter:label1\" content=\"\u01af\u1edbc t\u00ednh th\u1eddi gian \u0111\u1ecdc\" \/>\n\t<meta name=\"twitter:data1\" content=\"2 ph\u00fat\" \/>\n<script type=\"application\/ld+json\" class=\"yoast-schema-graph\">{\"@context\":\"https:\/\/schema.org\",\"@graph\":[{\"@type\":\"WebPage\",\"@id\":\"https:\/\/mayphuncat.com\/may-phun-cat-coi-phun-cat\/bang-bao-gia-may-phun-cat-va-phu-kien\/\",\"url\":\"https:\/\/mayphuncat.com\/may-phun-cat-coi-phun-cat\/bang-bao-gia-may-phun-cat-va-phu-kien\/\",\"name\":\"B\u1ea2NG B\u00c1O GI\u00c1: M\u00c1Y PHUN C\u00c1T V\u00c0 PH\u1ee4 KI\u1ec6N - M\u00e1y Phun C\u00e1t - C\u1ed1i Phun C\u00e1t\",\"isPartOf\":{\"@id\":\"https:\/\/mayphuncat.com\/may-phun-cat-coi-phun-cat\/#website\"},\"primaryImageOfPage\":{\"@id\":\"https:\/\/mayphuncat.com\/may-phun-cat-coi-phun-cat\/bang-bao-gia-may-phun-cat-va-phu-kien\/#primaryimage\"},\"image\":{\"@id\":\"https:\/\/mayphuncat.com\/may-phun-cat-coi-phun-cat\/bang-bao-gia-may-phun-cat-va-phu-kien\/#primaryimage\"},\"thumbnailUrl\":\"https:\/\/mayphuncat.com\/may-phun-cat-coi-phun-cat\/wp-content\/uploads\/2026\/03\/may-phun-cat-hoang-nhan-e1773972834896.jpg\",\"datePublished\":\"2024-04-27T11:45:04+00:00\",\"dateModified\":\"2026-03-20T02:50:48+00:00\",\"breadcrumb\":{\"@id\":\"https:\/\/mayphuncat.com\/may-phun-cat-coi-phun-cat\/bang-bao-gia-may-phun-cat-va-phu-kien\/#breadcrumb\"},\"inLanguage\":\"vi\",\"potentialAction\":[{\"@type\":\"ReadAction\",\"target\":[\"https:\/\/mayphuncat.com\/may-phun-cat-coi-phun-cat\/bang-bao-gia-may-phun-cat-va-phu-kien\/\"]}]},{\"@type\":\"ImageObject\",\"inLanguage\":\"vi\",\"@id\":\"https:\/\/mayphuncat.com\/may-phun-cat-coi-phun-cat\/bang-bao-gia-may-phun-cat-va-phu-kien\/#primaryimage\",\"url\":\"https:\/\/mayphuncat.com\/may-phun-cat-coi-phun-cat\/wp-content\/uploads\/2026\/03\/may-phun-cat-hoang-nhan-e1773972834896.jpg\",\"contentUrl\":\"https:\/\/mayphuncat.com\/may-phun-cat-coi-phun-cat\/wp-content\/uploads\/2026\/03\/may-phun-cat-hoang-nhan-e1773972834896.jpg\",\"width\":1276,\"height\":753,\"caption\":\"M\u00e1y phun c\u00e1t Ho\u00e0ng Nh\u00e2n\"},{\"@type\":\"BreadcrumbList\",\"@id\":\"https:\/\/mayphuncat.com\/may-phun-cat-coi-phun-cat\/bang-bao-gia-may-phun-cat-va-phu-kien\/#breadcrumb\",\"itemListElement\":[{\"@type\":\"ListItem\",\"position\":1,\"name\":\"Trang ch\u1ee7\",\"item\":\"https:\/\/mayphuncat.com\/may-phun-cat-coi-phun-cat\/\"},{\"@type\":\"ListItem\",\"position\":2,\"name\":\"B\u1ea2NG B\u00c1O GI\u00c1: M\u00c1Y PHUN C\u00c1T V\u00c0 PH\u1ee4 KI\u1ec6N\"}]},{\"@type\":\"WebSite\",\"@id\":\"https:\/\/mayphuncat.com\/may-phun-cat-coi-phun-cat\/#website\",\"url\":\"https:\/\/mayphuncat.com\/may-phun-cat-coi-phun-cat\/\",\"name\":\"M\u00e1y Phun C\u00e1t - C\u1ed1i Phun C\u00e1t\",\"description\":\"\",\"publisher\":{\"@id\":\"https:\/\/mayphuncat.com\/may-phun-cat-coi-phun-cat\/#organization\"},\"potentialAction\":[{\"@type\":\"SearchAction\",\"target\":{\"@type\":\"EntryPoint\",\"urlTemplate\":\"https:\/\/mayphuncat.com\/may-phun-cat-coi-phun-cat\/?s={search_term_string}\"},\"query-input\":{\"@type\":\"PropertyValueSpecification\",\"valueRequired\":true,\"valueName\":\"search_term_string\"}}],\"inLanguage\":\"vi\"},{\"@type\":\"Organization\",\"@id\":\"https:\/\/mayphuncat.com\/may-phun-cat-coi-phun-cat\/#organization\",\"name\":\"M\u00c1Y PHUN C\u00c1T - C\u1ed0I PHUN C\u00c1T HO\u00c0NG NH\u00c2N\",\"url\":\"https:\/\/mayphuncat.com\/may-phun-cat-coi-phun-cat\/\",\"logo\":{\"@type\":\"ImageObject\",\"inLanguage\":\"vi\",\"@id\":\"https:\/\/mayphuncat.com\/may-phun-cat-coi-phun-cat\/#\/schema\/logo\/image\/\",\"url\":\"https:\/\/mayphuncat.com\/may-phun-cat-coi-phun-cat\/wp-content\/uploads\/2022\/12\/logo.png\",\"contentUrl\":\"https:\/\/mayphuncat.com\/may-phun-cat-coi-phun-cat\/wp-content\/uploads\/2022\/12\/logo.png\",\"width\":150,\"height\":150,\"caption\":\"M\u00c1Y PHUN C\u00c1T - C\u1ed0I PHUN C\u00c1T HO\u00c0NG NH\u00c2N\"},\"image\":{\"@id\":\"https:\/\/mayphuncat.com\/may-phun-cat-coi-phun-cat\/#\/schema\/logo\/image\/\"}}]}<\/script>\n<!-- \/ Yoast SEO plugin. -->","yoast_head_json":{"title":"B\u1ea2NG B\u00c1O GI\u00c1: M\u00c1Y PHUN C\u00c1T V\u00c0 PH\u1ee4 KI\u1ec6N - M\u00e1y Phun C\u00e1t - C\u1ed1i Phun C\u00e1t","robots":{"index":"index","follow":"follow","max-snippet":"max-snippet:-1","max-image-preview":"max-image-preview:large","max-video-preview":"max-video-preview:-1"},"canonical":"https:\/\/mayphuncat.com\/may-phun-cat-coi-phun-cat\/bang-bao-gia-may-phun-cat-va-phu-kien\/","og_locale":"vi_VN","og_type":"article","og_title":"B\u1ea2NG B\u00c1O GI\u00c1: M\u00c1Y PHUN C\u00c1T V\u00c0 PH\u1ee4 KI\u1ec6N - M\u00e1y Phun C\u00e1t - C\u1ed1i Phun C\u00e1t","og_description":"B\u1ea2NG B\u00c1O GI\u00c1: M\u00c1Y PHUN C\u00c1T V\u00c0 PH\u1ee4 KI\u1ec6N M\u1eccI TH\u00d4NG TIN B\u00c1O GI\u00c1 CH\u00cdNH TH\u1ee8C VUI L\u00d2NG G\u1eccI HOLINE\/ZALO: 0974528527 LO\u1ea0I S\u1ea2N PH\u1ea8M Th\u00f4ng s\u1ed1 Gi\u00e1 b\u00e1n C\u1ed1i phun c\u00e1t 30 l\u00edt Dung l\u00edch 30 l\u00edt,\u00a0\u00d8300\u00d7400 (mm), tr\u1ecdng l\u01b0\u1ee3ng 16kg Li\u00ean h\u1ec7 C\u1ed1i phun c\u00e1t 30 l\u00edt (\u0111i\u1ec1u khi\u1ec3n b\u1eb1ng kh\u00ed n\u00e9n) Dung t\u00edch [&hellip;]","og_url":"https:\/\/mayphuncat.com\/may-phun-cat-coi-phun-cat\/bang-bao-gia-may-phun-cat-va-phu-kien\/","og_site_name":"M\u00e1y Phun C\u00e1t - C\u1ed1i Phun C\u00e1t","article_modified_time":"2026-03-20T02:50:48+00:00","og_image":[{"width":1276,"height":753,"url":"https:\/\/mayphuncat.com\/may-phun-cat-coi-phun-cat\/wp-content\/uploads\/2026\/03\/may-phun-cat-hoang-nhan-e1773972834896.jpg","type":"image\/jpeg"}],"twitter_card":"summary_large_image","twitter_misc":{"\u01af\u1edbc t\u00ednh th\u1eddi gian \u0111\u1ecdc":"2 ph\u00fat"},"schema":{"@context":"https:\/\/schema.org","@graph":[{"@type":"WebPage","@id":"https:\/\/mayphuncat.com\/may-phun-cat-coi-phun-cat\/bang-bao-gia-may-phun-cat-va-phu-kien\/","url":"https:\/\/mayphuncat.com\/may-phun-cat-coi-phun-cat\/bang-bao-gia-may-phun-cat-va-phu-kien\/","name":"B\u1ea2NG B\u00c1O GI\u00c1: M\u00c1Y PHUN C\u00c1T V\u00c0 PH\u1ee4 KI\u1ec6N - M\u00e1y Phun C\u00e1t - C\u1ed1i Phun C\u00e1t","isPartOf":{"@id":"https:\/\/mayphuncat.com\/may-phun-cat-coi-phun-cat\/#website"},"primaryImageOfPage":{"@id":"https:\/\/mayphuncat.com\/may-phun-cat-coi-phun-cat\/bang-bao-gia-may-phun-cat-va-phu-kien\/#primaryimage"},"image":{"@id":"https:\/\/mayphuncat.com\/may-phun-cat-coi-phun-cat\/bang-bao-gia-may-phun-cat-va-phu-kien\/#primaryimage"},"thumbnailUrl":"https:\/\/mayphuncat.com\/may-phun-cat-coi-phun-cat\/wp-content\/uploads\/2026\/03\/may-phun-cat-hoang-nhan-e1773972834896.jpg","datePublished":"2024-04-27T11:45:04+00:00","dateModified":"2026-03-20T02:50:48+00:00","breadcrumb":{"@id":"https:\/\/mayphuncat.com\/may-phun-cat-coi-phun-cat\/bang-bao-gia-may-phun-cat-va-phu-kien\/#breadcrumb"},"inLanguage":"vi","potentialAction":[{"@type":"ReadAction","target":["https:\/\/mayphuncat.com\/may-phun-cat-coi-phun-cat\/bang-bao-gia-may-phun-cat-va-phu-kien\/"]}]},{"@type":"ImageObject","inLanguage":"vi","@id":"https:\/\/mayphuncat.com\/may-phun-cat-coi-phun-cat\/bang-bao-gia-may-phun-cat-va-phu-kien\/#primaryimage","url":"https:\/\/mayphuncat.com\/may-phun-cat-coi-phun-cat\/wp-content\/uploads\/2026\/03\/may-phun-cat-hoang-nhan-e1773972834896.jpg","contentUrl":"https:\/\/mayphuncat.com\/may-phun-cat-coi-phun-cat\/wp-content\/uploads\/2026\/03\/may-phun-cat-hoang-nhan-e1773972834896.jpg","width":1276,"height":753,"caption":"M\u00e1y phun c\u00e1t Ho\u00e0ng Nh\u00e2n"},{"@type":"BreadcrumbList","@id":"https:\/\/mayphuncat.com\/may-phun-cat-coi-phun-cat\/bang-bao-gia-may-phun-cat-va-phu-kien\/#breadcrumb","itemListElement":[{"@type":"ListItem","position":1,"name":"Trang ch\u1ee7","item":"https:\/\/mayphuncat.com\/may-phun-cat-coi-phun-cat\/"},{"@type":"ListItem","position":2,"name":"B\u1ea2NG B\u00c1O GI\u00c1: M\u00c1Y PHUN C\u00c1T V\u00c0 PH\u1ee4 KI\u1ec6N"}]},{"@type":"WebSite","@id":"https:\/\/mayphuncat.com\/may-phun-cat-coi-phun-cat\/#website","url":"https:\/\/mayphuncat.com\/may-phun-cat-coi-phun-cat\/","name":"M\u00e1y Phun C\u00e1t - C\u1ed1i Phun C\u00e1t","description":"","publisher":{"@id":"https:\/\/mayphuncat.com\/may-phun-cat-coi-phun-cat\/#organization"},"potentialAction":[{"@type":"SearchAction","target":{"@type":"EntryPoint","urlTemplate":"https:\/\/mayphuncat.com\/may-phun-cat-coi-phun-cat\/?s={search_term_string}"},"query-input":{"@type":"PropertyValueSpecification","valueRequired":true,"valueName":"search_term_string"}}],"inLanguage":"vi"},{"@type":"Organization","@id":"https:\/\/mayphuncat.com\/may-phun-cat-coi-phun-cat\/#organization","name":"M\u00c1Y PHUN C\u00c1T - C\u1ed0I PHUN C\u00c1T HO\u00c0NG NH\u00c2N","url":"https:\/\/mayphuncat.com\/may-phun-cat-coi-phun-cat\/","logo":{"@type":"ImageObject","inLanguage":"vi","@id":"https:\/\/mayphuncat.com\/may-phun-cat-coi-phun-cat\/#\/schema\/logo\/image\/","url":"https:\/\/mayphuncat.com\/may-phun-cat-coi-phun-cat\/wp-content\/uploads\/2022\/12\/logo.png","contentUrl":"https:\/\/mayphuncat.com\/may-phun-cat-coi-phun-cat\/wp-content\/uploads\/2022\/12\/logo.png","width":150,"height":150,"caption":"M\u00c1Y PHUN C\u00c1T - C\u1ed0I PHUN C\u00c1T HO\u00c0NG NH\u00c2N"},"image":{"@id":"https:\/\/mayphuncat.com\/may-phun-cat-coi-phun-cat\/#\/schema\/logo\/image\/"}}]}},"_links":{"self":[{"href":"https:\/\/mayphuncat.com\/may-phun-cat-coi-phun-cat\/wp-json\/wp\/v2\/pages\/299","targetHints":{"allow":["GET"]}}],"collection":[{"href":"https:\/\/mayphuncat.com\/may-phun-cat-coi-phun-cat\/wp-json\/wp\/v2\/pages"}],"about":[{"href":"https:\/\/mayphuncat.com\/may-phun-cat-coi-phun-cat\/wp-json\/wp\/v2\/types\/page"}],"author":[{"embeddable":true,"href":"https:\/\/mayphuncat.com\/may-phun-cat-coi-phun-cat\/wp-json\/wp\/v2\/users\/1"}],"replies":[{"embeddable":true,"href":"https:\/\/mayphuncat.com\/may-phun-cat-coi-phun-cat\/wp-json\/wp\/v2\/comments?post=299"}],"version-history":[{"count":13,"href":"https:\/\/mayphuncat.com\/may-phun-cat-coi-phun-cat\/wp-json\/wp\/v2\/pages\/299\/revisions"}],"predecessor-version":[{"id":571,"href":"https:\/\/mayphuncat.com\/may-phun-cat-coi-phun-cat\/wp-json\/wp\/v2\/pages\/299\/revisions\/571"}],"wp:featuredmedia":[{"embeddable":true,"href":"https:\/\/mayphuncat.com\/may-phun-cat-coi-phun-cat\/wp-json\/wp\/v2\/media\/507"}],"wp:attachment":[{"href":"https:\/\/mayphuncat.com\/may-phun-cat-coi-phun-cat\/wp-json\/wp\/v2\/media?parent=299"}],"curies":[{"name":"wp","href":"https:\/\/api.w.org\/{rel}","templated":true}]}}