{"id":437,"date":"2025-12-17T09:33:40","date_gmt":"2025-12-17T02:33:40","guid":{"rendered":"https:\/\/thuexequangbinh.net.vn\/?page_id=437"},"modified":"2026-03-20T08:57:47","modified_gmt":"2026-03-20T01:57:47","slug":"thong-tin-thanh-toan","status":"publish","type":"page","link":"https:\/\/mayphuncat.com\/may-phun-cat-coi-phun-cat\/thong-tin-thanh-toan\/","title":{"rendered":"Th\u00f4ng tin thanh to\u00e1n"},"content":{"rendered":"<p style=\"text-align: center;\">Li\u00ean h\u1ec7 hotline: 0974528527 \u0111\u1ec3 l\u1ea5y th\u00f4ng tin thanh to\u00e1n<\/p>\n","protected":false},"excerpt":{"rendered":"<p>Li\u00ean h\u1ec7 hotline: 0974528527 \u0111\u1ec3 l\u1ea5y th\u00f4ng tin thanh to\u00e1n<\/p>\n","protected":false},"author":1,"featured_media":0,"parent":0,"menu_order":3,"comment_status":"closed","ping_status":"closed","template":"","meta":{"_acf_changed":false,"footnotes":""},"class_list":["post-437","page","type-page","status-publish","hentry"],"acf":[],"yoast_head":"<!-- This site is optimized with the Yoast SEO plugin v27.2 - https:\/\/yoast.com\/product\/yoast-seo-wordpress\/ -->\n<title>Th\u00f4ng tin thanh to\u00e1n - M\u00e1y Phun C\u00e1t - C\u1ed1i Phun C\u00e1t<\/title>\n<meta name=\"robots\" content=\"index, follow, max-snippet:-1, max-image-preview:large, max-video-preview:-1\" \/>\n<link rel=\"canonical\" href=\"https:\/\/mayphuncat.com\/may-phun-cat-coi-phun-cat\/thong-tin-thanh-toan\/\" \/>\n<meta property=\"og:locale\" content=\"vi_VN\" \/>\n<meta property=\"og:type\" content=\"article\" \/>\n<meta property=\"og:title\" content=\"Th\u00f4ng tin thanh to\u00e1n - M\u00e1y Phun C\u00e1t - C\u1ed1i Phun C\u00e1t\" \/>\n<meta property=\"og:description\" content=\"Li\u00ean h\u1ec7 hotline: 0974528527 \u0111\u1ec3 l\u1ea5y th\u00f4ng tin thanh to\u00e1n\" \/>\n<meta property=\"og:url\" content=\"https:\/\/mayphuncat.com\/may-phun-cat-coi-phun-cat\/thong-tin-thanh-toan\/\" \/>\n<meta property=\"og:site_name\" content=\"M\u00e1y Phun C\u00e1t - C\u1ed1i Phun C\u00e1t\" \/>\n<meta property=\"article:modified_time\" content=\"2026-03-20T01:57:47+00:00\" \/>\n<meta name=\"twitter:card\" content=\"summary_large_image\" \/>\n<meta name=\"twitter:label1\" content=\"\u01af\u1edbc t\u00ednh th\u1eddi gian \u0111\u1ecdc\" \/>\n\t<meta name=\"twitter:data1\" content=\"1 ph\u00fat\" \/>\n<script type=\"application\/ld+json\" class=\"yoast-schema-graph\">{\"@context\":\"https:\/\/schema.org\",\"@graph\":[{\"@type\":\"WebPage\",\"@id\":\"https:\/\/mayphuncat.com\/may-phun-cat-coi-phun-cat\/thong-tin-thanh-toan\/\",\"url\":\"https:\/\/mayphuncat.com\/may-phun-cat-coi-phun-cat\/thong-tin-thanh-toan\/\",\"name\":\"Th\u00f4ng tin thanh to\u00e1n - M\u00e1y Phun C\u00e1t - C\u1ed1i Phun C\u00e1t\",\"isPartOf\":{\"@id\":\"https:\/\/mayphuncat.com\/may-phun-cat-coi-phun-cat\/#website\"},\"datePublished\":\"2025-12-17T02:33:40+00:00\",\"dateModified\":\"2026-03-20T01:57:47+00:00\",\"breadcrumb\":{\"@id\":\"https:\/\/mayphuncat.com\/may-phun-cat-coi-phun-cat\/thong-tin-thanh-toan\/#breadcrumb\"},\"inLanguage\":\"vi\",\"potentialAction\":[{\"@type\":\"ReadAction\",\"target\":[\"https:\/\/mayphuncat.com\/may-phun-cat-coi-phun-cat\/thong-tin-thanh-toan\/\"]}]},{\"@type\":\"BreadcrumbList\",\"@id\":\"https:\/\/mayphuncat.com\/may-phun-cat-coi-phun-cat\/thong-tin-thanh-toan\/#breadcrumb\",\"itemListElement\":[{\"@type\":\"ListItem\",\"position\":1,\"name\":\"Trang ch\u1ee7\",\"item\":\"https:\/\/mayphuncat.com\/may-phun-cat-coi-phun-cat\/\"},{\"@type\":\"ListItem\",\"position\":2,\"name\":\"Th\u00f4ng tin thanh to\u00e1n\"}]},{\"@type\":\"WebSite\",\"@id\":\"https:\/\/mayphuncat.com\/may-phun-cat-coi-phun-cat\/#website\",\"url\":\"https:\/\/mayphuncat.com\/may-phun-cat-coi-phun-cat\/\",\"name\":\"M\u00e1y Phun C\u00e1t - C\u1ed1i Phun C\u00e1t\",\"description\":\"\",\"publisher\":{\"@id\":\"https:\/\/mayphuncat.com\/may-phun-cat-coi-phun-cat\/#organization\"},\"potentialAction\":[{\"@type\":\"SearchAction\",\"target\":{\"@type\":\"EntryPoint\",\"urlTemplate\":\"https:\/\/mayphuncat.com\/may-phun-cat-coi-phun-cat\/?s={search_term_string}\"},\"query-input\":{\"@type\":\"PropertyValueSpecification\",\"valueRequired\":true,\"valueName\":\"search_term_string\"}}],\"inLanguage\":\"vi\"},{\"@type\":\"Organization\",\"@id\":\"https:\/\/mayphuncat.com\/may-phun-cat-coi-phun-cat\/#organization\",\"name\":\"M\u00c1Y PHUN C\u00c1T - C\u1ed0I PHUN C\u00c1T HO\u00c0NG NH\u00c2N\",\"url\":\"https:\/\/mayphuncat.com\/may-phun-cat-coi-phun-cat\/\",\"logo\":{\"@type\":\"ImageObject\",\"inLanguage\":\"vi\",\"@id\":\"https:\/\/mayphuncat.com\/may-phun-cat-coi-phun-cat\/#\/schema\/logo\/image\/\",\"url\":\"https:\/\/mayphuncat.com\/may-phun-cat-coi-phun-cat\/wp-content\/uploads\/2022\/12\/logo.png\",\"contentUrl\":\"https:\/\/mayphuncat.com\/may-phun-cat-coi-phun-cat\/wp-content\/uploads\/2022\/12\/logo.png\",\"width\":150,\"height\":150,\"caption\":\"M\u00c1Y PHUN C\u00c1T - C\u1ed0I PHUN C\u00c1T HO\u00c0NG NH\u00c2N\"},\"image\":{\"@id\":\"https:\/\/mayphuncat.com\/may-phun-cat-coi-phun-cat\/#\/schema\/logo\/image\/\"}}]}<\/script>\n<!-- \/ Yoast SEO plugin. -->","yoast_head_json":{"title":"Th\u00f4ng tin thanh to\u00e1n - M\u00e1y Phun C\u00e1t - C\u1ed1i Phun C\u00e1t","robots":{"index":"index","follow":"follow","max-snippet":"max-snippet:-1","max-image-preview":"max-image-preview:large","max-video-preview":"max-video-preview:-1"},"canonical":"https:\/\/mayphuncat.com\/may-phun-cat-coi-phun-cat\/thong-tin-thanh-toan\/","og_locale":"vi_VN","og_type":"article","og_title":"Th\u00f4ng tin thanh to\u00e1n - M\u00e1y Phun C\u00e1t - C\u1ed1i Phun C\u00e1t","og_description":"Li\u00ean h\u1ec7 hotline: 0974528527 \u0111\u1ec3 l\u1ea5y th\u00f4ng tin thanh to\u00e1n","og_url":"https:\/\/mayphuncat.com\/may-phun-cat-coi-phun-cat\/thong-tin-thanh-toan\/","og_site_name":"M\u00e1y Phun C\u00e1t - C\u1ed1i Phun C\u00e1t","article_modified_time":"2026-03-20T01:57:47+00:00","twitter_card":"summary_large_image","twitter_misc":{"\u01af\u1edbc t\u00ednh th\u1eddi gian \u0111\u1ecdc":"1 ph\u00fat"},"schema":{"@context":"https:\/\/schema.org","@graph":[{"@type":"WebPage","@id":"https:\/\/mayphuncat.com\/may-phun-cat-coi-phun-cat\/thong-tin-thanh-toan\/","url":"https:\/\/mayphuncat.com\/may-phun-cat-coi-phun-cat\/thong-tin-thanh-toan\/","name":"Th\u00f4ng tin thanh to\u00e1n - M\u00e1y Phun C\u00e1t - C\u1ed1i Phun C\u00e1t","isPartOf":{"@id":"https:\/\/mayphuncat.com\/may-phun-cat-coi-phun-cat\/#website"},"datePublished":"2025-12-17T02:33:40+00:00","dateModified":"2026-03-20T01:57:47+00:00","breadcrumb":{"@id":"https:\/\/mayphuncat.com\/may-phun-cat-coi-phun-cat\/thong-tin-thanh-toan\/#breadcrumb"},"inLanguage":"vi","potentialAction":[{"@type":"ReadAction","target":["https:\/\/mayphuncat.com\/may-phun-cat-coi-phun-cat\/thong-tin-thanh-toan\/"]}]},{"@type":"BreadcrumbList","@id":"https:\/\/mayphuncat.com\/may-phun-cat-coi-phun-cat\/thong-tin-thanh-toan\/#breadcrumb","itemListElement":[{"@type":"ListItem","position":1,"name":"Trang ch\u1ee7","item":"https:\/\/mayphuncat.com\/may-phun-cat-coi-phun-cat\/"},{"@type":"ListItem","position":2,"name":"Th\u00f4ng tin thanh to\u00e1n"}]},{"@type":"WebSite","@id":"https:\/\/mayphuncat.com\/may-phun-cat-coi-phun-cat\/#website","url":"https:\/\/mayphuncat.com\/may-phun-cat-coi-phun-cat\/","name":"M\u00e1y Phun C\u00e1t - C\u1ed1i Phun C\u00e1t","description":"","publisher":{"@id":"https:\/\/mayphuncat.com\/may-phun-cat-coi-phun-cat\/#organization"},"potentialAction":[{"@type":"SearchAction","target":{"@type":"EntryPoint","urlTemplate":"https:\/\/mayphuncat.com\/may-phun-cat-coi-phun-cat\/?s={search_term_string}"},"query-input":{"@type":"PropertyValueSpecification","valueRequired":true,"valueName":"search_term_string"}}],"inLanguage":"vi"},{"@type":"Organization","@id":"https:\/\/mayphuncat.com\/may-phun-cat-coi-phun-cat\/#organization","name":"M\u00c1Y PHUN C\u00c1T - C\u1ed0I PHUN C\u00c1T HO\u00c0NG NH\u00c2N","url":"https:\/\/mayphuncat.com\/may-phun-cat-coi-phun-cat\/","logo":{"@type":"ImageObject","inLanguage":"vi","@id":"https:\/\/mayphuncat.com\/may-phun-cat-coi-phun-cat\/#\/schema\/logo\/image\/","url":"https:\/\/mayphuncat.com\/may-phun-cat-coi-phun-cat\/wp-content\/uploads\/2022\/12\/logo.png","contentUrl":"https:\/\/mayphuncat.com\/may-phun-cat-coi-phun-cat\/wp-content\/uploads\/2022\/12\/logo.png","width":150,"height":150,"caption":"M\u00c1Y PHUN C\u00c1T - C\u1ed0I PHUN C\u00c1T HO\u00c0NG NH\u00c2N"},"image":{"@id":"https:\/\/mayphuncat.com\/may-phun-cat-coi-phun-cat\/#\/schema\/logo\/image\/"}}]}},"_links":{"self":[{"href":"https:\/\/mayphuncat.com\/may-phun-cat-coi-phun-cat\/wp-json\/wp\/v2\/pages\/437","targetHints":{"allow":["GET"]}}],"collection":[{"href":"https:\/\/mayphuncat.com\/may-phun-cat-coi-phun-cat\/wp-json\/wp\/v2\/pages"}],"about":[{"href":"https:\/\/mayphuncat.com\/may-phun-cat-coi-phun-cat\/wp-json\/wp\/v2\/types\/page"}],"author":[{"embeddable":true,"href":"https:\/\/mayphuncat.com\/may-phun-cat-coi-phun-cat\/wp-json\/wp\/v2\/users\/1"}],"replies":[{"embeddable":true,"href":"https:\/\/mayphuncat.com\/may-phun-cat-coi-phun-cat\/wp-json\/wp\/v2\/comments?post=437"}],"version-history":[{"count":5,"href":"https:\/\/mayphuncat.com\/may-phun-cat-coi-phun-cat\/wp-json\/wp\/v2\/pages\/437\/revisions"}],"predecessor-version":[{"id":495,"href":"https:\/\/mayphuncat.com\/may-phun-cat-coi-phun-cat\/wp-json\/wp\/v2\/pages\/437\/revisions\/495"}],"wp:attachment":[{"href":"https:\/\/mayphuncat.com\/may-phun-cat-coi-phun-cat\/wp-json\/wp\/v2\/media?parent=437"}],"curies":[{"name":"wp","href":"https:\/\/api.w.org\/{rel}","templated":true}]}}